{"id":89,"date":"2026-02-10T12:19:53","date_gmt":"2026-02-10T12:19:53","guid":{"rendered":"http:\/\/plaanakollektiivi.fi\/?page_id=89"},"modified":"2026-04-19T11:41:02","modified_gmt":"2026-04-19T11:41:02","slug":"taiteilijat","status":"publish","type":"page","link":"https:\/\/plaanakollektiivi.fi\/?page_id=89","title":{"rendered":"Taiteilijat"},"content":{"rendered":"\n<div style=\"height:100px\" aria-hidden=\"true\" class=\"wp-block-spacer\"><\/div>\n\n\n\n<div class=\"wp-block-columns is-layout-flex wp-container-core-columns-is-layout-28f84493 wp-block-columns-is-layout-flex\">\n<div class=\"wp-block-column is-layout-flow wp-block-column-is-layout-flow\" style=\"flex-basis:23%\">\n<figure class=\"wp-block-image size-full\"><img loading=\"lazy\" decoding=\"async\" width=\"649\" height=\"973\" src=\"https:\/\/plaanakollektiivi.fi\/wp-content\/uploads\/2026\/02\/VUOKKOKIHLANKI.jpg\" alt=\"\" class=\"wp-image-124\" srcset=\"https:\/\/plaanakollektiivi.fi\/wp-content\/uploads\/2026\/02\/VUOKKOKIHLANKI.jpg 649w, https:\/\/plaanakollektiivi.fi\/wp-content\/uploads\/2026\/02\/VUOKKOKIHLANKI-200x300.jpg 200w, https:\/\/plaanakollektiivi.fi\/wp-content\/uploads\/2026\/02\/VUOKKOKIHLANKI-77x116.jpg 77w\" sizes=\"auto, (max-width: 649px) 100vw, 649px\" \/><\/figure>\n<\/div>\n\n\n\n<div class=\"wp-block-column is-layout-flow wp-block-column-is-layout-flow\" style=\"flex-basis:77%\">\n<p><strong>Vuokko Kihlanki <\/strong>on syntynyt ja kasvanut Lapissa, Muonion Kihlangin kyl\u00e4ss\u00e4. Kylm\u00e4t, lumiset talvet, katuvaloton, hiljainen kyl\u00e4nraitti, sek\u00e4 kes\u00e4n y\u00f6tt\u00f6m\u00e4t y\u00f6t ovat vaikuttaneet suuresti h\u00e4nen ilmaisuun sek\u00e4 maalauksissa, ett\u00e4 valokuvauksessa.<br><br>Lapsuuden kokemukset ovat j\u00e4tt\u00e4neet vahvan j\u00e4ljen, vaikka h\u00e4n on el\u00e4nyt koko aikuisik\u00e4nsa\u00e4 etel\u00e4isimm\u00e4ss\u00e4 Suomessa. Muuttaessaan Helsingist\u00e4 pohjoisemmaksi, Ouluun, lapsuuden luontokokemukset ovat taas syventyneet vahvaksi ilmaisumuodoksi valokuvauksessa, joka on h\u00e4nenlle t\u00e4rkeint\u00e4 nykyisin. <\/p>\n\n\n\n<p>H\u00e4n keskittyy tunnelmaan ja lopputulokseen, jossa on kontrastia, tyhj\u00e4\u00e4 tilaa ja ripaus salaper\u00e4isyytt\u00e4. Yhteinen nimitt\u00e4j\u00e4 h\u00e4nen teoksissaan onkin: Kaikki turha pois, siin\u00e4 on h\u00e4nen k\u00e4sialansa.<\/p>\n\n\n\n<p><\/p>\n<\/div>\n<\/div>\n\n\n\n<div style=\"height:30px\" aria-hidden=\"true\" class=\"wp-block-spacer\"><\/div>\n\n\n\n<div class=\"wp-block-columns is-layout-flex wp-container-core-columns-is-layout-28f84493 wp-block-columns-is-layout-flex\">\n<div class=\"wp-block-column is-layout-flow wp-block-column-is-layout-flow\" style=\"flex-basis:23%\">\n<figure class=\"wp-block-image size-full\"><img loading=\"lazy\" decoding=\"async\" width=\"720\" height=\"1080\" src=\"https:\/\/plaanakollektiivi.fi\/wp-content\/uploads\/2026\/02\/Jaakko-Rahko.jpg\" alt=\"\" class=\"wp-image-131\" srcset=\"https:\/\/plaanakollektiivi.fi\/wp-content\/uploads\/2026\/02\/Jaakko-Rahko.jpg 720w, https:\/\/plaanakollektiivi.fi\/wp-content\/uploads\/2026\/02\/Jaakko-Rahko-200x300.jpg 200w, https:\/\/plaanakollektiivi.fi\/wp-content\/uploads\/2026\/02\/Jaakko-Rahko-683x1024.jpg 683w, https:\/\/plaanakollektiivi.fi\/wp-content\/uploads\/2026\/02\/Jaakko-Rahko-77x116.jpg 77w\" sizes=\"auto, (max-width: 720px) 100vw, 720px\" \/><\/figure>\n<\/div>\n\n\n\n<div class=\"wp-block-column is-layout-flow wp-block-column-is-layout-flow\" style=\"flex-basis:77%\">\n<p><strong>Jaakko Rahko<\/strong> k\u00e4ytt\u00e4\u00e4 valokuvausta tapana katsoa maailmaa hieman tarkemmin. Kamera k\u00e4dess\u00e4 huomio pys\u00e4htyy pieniin yksityiskohtiin, joista alkaa rakentua suurempi kokonaisuus. Kuvaaminen on kulkenut mukana kouluajoista t\u00e4h\u00e4n p\u00e4iv\u00e4\u00e4n, v\u00e4lill\u00e4 l\u00e4hemp\u00e4n\u00e4, v\u00e4lill\u00e4 et\u00e4\u00e4mm\u00e4ll\u00e4. Vuosien varrella syntyneet kuvat toimivat muistin paikkoina \u2013 ne rakentavat siltaa menneen ja nykyisen v\u00e4lille.<\/p>\n<\/div>\n<\/div>\n\n\n\n<div style=\"height:30px\" aria-hidden=\"true\" class=\"wp-block-spacer\"><\/div>\n\n\n\n<div class=\"wp-block-columns is-layout-flex wp-container-core-columns-is-layout-28f84493 wp-block-columns-is-layout-flex\">\n<div class=\"wp-block-column is-layout-flow wp-block-column-is-layout-flow\" style=\"flex-basis:23%\">\n<figure class=\"wp-block-image size-large\"><img loading=\"lazy\" decoding=\"async\" width=\"683\" height=\"1024\" src=\"https:\/\/plaanakollektiivi.fi\/wp-content\/uploads\/2026\/02\/EijaBreilin-683x1024.jpg\" alt=\"\" class=\"wp-image-112\" srcset=\"https:\/\/plaanakollektiivi.fi\/wp-content\/uploads\/2026\/02\/EijaBreilin-683x1024.jpg 683w, https:\/\/plaanakollektiivi.fi\/wp-content\/uploads\/2026\/02\/EijaBreilin-200x300.jpg 200w, https:\/\/plaanakollektiivi.fi\/wp-content\/uploads\/2026\/02\/EijaBreilin-77x116.jpg 77w, https:\/\/plaanakollektiivi.fi\/wp-content\/uploads\/2026\/02\/EijaBreilin.jpg 720w\" sizes=\"auto, (max-width: 683px) 100vw, 683px\" \/><\/figure>\n<\/div>\n\n\n\n<div class=\"wp-block-column is-layout-flow wp-block-column-is-layout-flow\" style=\"flex-basis:77%\">\n<p><strong>Eija Breilin<\/strong> on avojalakanen oululainen valokuvauksen harrastaja joka l\u00f6ysi valokuvauksen vasta aikuisi\u00e4ll\u00e4.<\/p>\n\n\n\n<p>H\u00e4nen kuvissaan kohtaavat kaupungin ja ymp\u00e4rist\u00f6n teemat sek\u00e4 luonnon kauneus. Digikamera tarjoaa monipuolisuutta, vapautta ja digitaalista fiilistely\u00e4. Filmikuvauksessa kiehtoo kuvaamisen harkittu tuntu ja filmikuvan nostaginen j\u00e4lki. H\u00e4n nauttii siit\u00e4, miten filmikuvaus saa pys\u00e4htym\u00e4\u00e4n hetkeen.<\/p>\n<\/div>\n<\/div>\n\n\n\n<div style=\"height:30px\" aria-hidden=\"true\" class=\"wp-block-spacer\"><\/div>\n\n\n\n<div class=\"wp-block-columns is-layout-flex wp-container-core-columns-is-layout-28f84493 wp-block-columns-is-layout-flex\">\n<div class=\"wp-block-column is-layout-flow wp-block-column-is-layout-flow\" style=\"flex-basis:23%\">\n<figure class=\"wp-block-image size-large\"><img loading=\"lazy\" decoding=\"async\" width=\"682\" height=\"1024\" src=\"https:\/\/plaanakollektiivi.fi\/wp-content\/uploads\/2026\/02\/PasiBreilin-682x1024.jpg\" alt=\"\" class=\"wp-image-113\" srcset=\"https:\/\/plaanakollektiivi.fi\/wp-content\/uploads\/2026\/02\/PasiBreilin-682x1024.jpg 682w, https:\/\/plaanakollektiivi.fi\/wp-content\/uploads\/2026\/02\/PasiBreilin-200x300.jpg 200w, https:\/\/plaanakollektiivi.fi\/wp-content\/uploads\/2026\/02\/PasiBreilin-77x116.jpg 77w, https:\/\/plaanakollektiivi.fi\/wp-content\/uploads\/2026\/02\/PasiBreilin.jpg 719w\" sizes=\"auto, (max-width: 682px) 100vw, 682px\" \/><\/figure>\n<\/div>\n\n\n\n<div class=\"wp-block-column is-layout-flow wp-block-column-is-layout-flow\" style=\"flex-basis:77%\">\n<p><strong>Pasi Breilin<\/strong> on aikanaan tullista tullut valokuvausta harrastava basisti.<\/p>\n\n\n\n<p>Kuvissaan h\u00e4n tuo eri tavoin esille luonnon ilmi\u00f6it\u00e4, monimuotoisuutta ja kauneutta, unohtamatta kuitenkaan dokumentaarisempaa valokuvausta. H\u00e4nen valokuvauksessaan digikamera edustaa tarkkuutta ja hetken nopeaa taltiointia, kun taas vastavuoroisesti filmikamera ja mustavalkofilmi tarjoaa harkitumpaa ja tunnelmallisempaa ilmaisua sek\u00e4 laajentaa kuvauskohteita ymp\u00e4r\u00f6iv\u00e4\u00e4n maailmaan ja sen yksityiskohtiin.<\/p>\n\n\n\n<p>Mottona: \u201dMatalia taajuuksia ja pohjoista valoa\u201d.<\/p>\n<\/div>\n<\/div>\n\n\n\n<div style=\"height:30px\" aria-hidden=\"true\" class=\"wp-block-spacer\"><\/div>\n\n\n\n<div class=\"wp-block-columns is-layout-flex wp-container-core-columns-is-layout-28f84493 wp-block-columns-is-layout-flex\">\n<div class=\"wp-block-column is-layout-flow wp-block-column-is-layout-flow\" style=\"flex-basis:23%\">\n<figure class=\"wp-block-image size-large\"><img loading=\"lazy\" decoding=\"async\" width=\"683\" height=\"1024\" src=\"https:\/\/plaanakollektiivi.fi\/wp-content\/uploads\/2026\/02\/ULLAMERILAINEN-683x1024.jpg\" alt=\"\" class=\"wp-image-114\" srcset=\"https:\/\/plaanakollektiivi.fi\/wp-content\/uploads\/2026\/02\/ULLAMERILAINEN-683x1024.jpg 683w, https:\/\/plaanakollektiivi.fi\/wp-content\/uploads\/2026\/02\/ULLAMERILAINEN-200x300.jpg 200w, https:\/\/plaanakollektiivi.fi\/wp-content\/uploads\/2026\/02\/ULLAMERILAINEN-77x116.jpg 77w, https:\/\/plaanakollektiivi.fi\/wp-content\/uploads\/2026\/02\/ULLAMERILAINEN.jpg 720w\" sizes=\"auto, (max-width: 683px) 100vw, 683px\" \/><\/figure>\n<\/div>\n\n\n\n<div class=\"wp-block-column is-layout-flow wp-block-column-is-layout-flow\" style=\"flex-basis:77%\">\n<p><strong>Ulla Meril\u00e4inen<\/strong> <strong>Ulla Meril\u00e4inen<\/strong>&nbsp;on oululainen harrastaja valokuvaaja, jonka juuret ovat vahvasti Tuiran puolella, h\u00e4n onkin asunut koko el\u00e4m\u00e4ns\u00e4 viiden kilometrin s\u00e4teell\u00e4 synnyin kodistaan.<\/p>\n\n\n\n<p>Itseoppineena valokuvaajana Ulla ammentaa inspiraationsa erityisesti l\u00e4hiluonnosta ja lapsenmielisist\u00e4 oivalluksista.<\/p>\n\n\n\n<p>H\u00e4nen kuvissaan yhdistyv\u00e4t pohjoinen periksiantamattomuus, l\u00e4mmin uteliaisuus ymp\u00e4r\u00f6iv\u00e4\u00e4 maailmaa kohtaan ja pilkahdus huumoria \u2013 \u201dTunteella ja vain mielikuvitus on rajana\u201d<\/p>\n<\/div>\n<\/div>\n\n\n\n<div style=\"height:30px\" aria-hidden=\"true\" class=\"wp-block-spacer\"><\/div>\n\n\n\n<div class=\"wp-block-columns is-layout-flex wp-container-core-columns-is-layout-28f84493 wp-block-columns-is-layout-flex\">\n<div class=\"wp-block-column is-layout-flow wp-block-column-is-layout-flow\" style=\"flex-basis:23%\">\n<figure class=\"wp-block-image size-large\"><img loading=\"lazy\" decoding=\"async\" width=\"683\" height=\"1024\" src=\"https:\/\/plaanakollektiivi.fi\/wp-content\/uploads\/2026\/02\/RHaapaniemi-kuva-683x1024.jpg\" alt=\"\" class=\"wp-image-134\" srcset=\"https:\/\/plaanakollektiivi.fi\/wp-content\/uploads\/2026\/02\/RHaapaniemi-kuva-683x1024.jpg 683w, https:\/\/plaanakollektiivi.fi\/wp-content\/uploads\/2026\/02\/RHaapaniemi-kuva-200x300.jpg 200w, https:\/\/plaanakollektiivi.fi\/wp-content\/uploads\/2026\/02\/RHaapaniemi-kuva-77x116.jpg 77w, https:\/\/plaanakollektiivi.fi\/wp-content\/uploads\/2026\/02\/RHaapaniemi-kuva.jpg 720w\" sizes=\"auto, (max-width: 683px) 100vw, 683px\" \/><\/figure>\n<\/div>\n\n\n\n<div class=\"wp-block-column is-layout-flow wp-block-column-is-layout-flow\" style=\"flex-basis:77%\">\n<p><strong>Riitta Haapaniemi<\/strong> on oululainen valokuvauksen harrastaja. Lapsuuden ja nuoruuden h\u00e4n on asunut Kalajoella ja on aloittanut valokuvauksen jo nuoruusi\u00e4ss\u00e4. H\u00e4n on vuosien aikana syvent\u00e4nyt osaamistaan erilaisten luovien tekniikoiden kursseilla. <\/p>\n\n\n\n<p>H\u00e4n k\u00e4ytt\u00e4\u00e4 luontokuvissaan usein kameran monivalotusta ja ICM-tekniikkaa luodakseen maalauksellisia ja kerroksellisia kuvia. H\u00e4nen kuvistaan l\u00f6ytyy usein ripaus mystiikkaa, satua tai tarina, jossa j\u00e4\u00e4 tilaa my\u00f6s katsojan omalle tulkinnalle.<\/p>\n<\/div>\n<\/div>\n\n\n\n<div style=\"height:30px\" aria-hidden=\"true\" class=\"wp-block-spacer\"><\/div>\n\n\n\n<div class=\"wp-block-columns is-layout-flex wp-container-core-columns-is-layout-28f84493 wp-block-columns-is-layout-flex\">\n<div class=\"wp-block-column is-layout-flow wp-block-column-is-layout-flow\" style=\"flex-basis:23%\">\n<figure class=\"wp-block-image size-large\"><img loading=\"lazy\" decoding=\"async\" width=\"682\" height=\"1024\" src=\"https:\/\/plaanakollektiivi.fi\/wp-content\/uploads\/2026\/02\/Jaakko-Hukanhauta-682x1024.jpg\" alt=\"\" class=\"wp-image-119\" srcset=\"https:\/\/plaanakollektiivi.fi\/wp-content\/uploads\/2026\/02\/Jaakko-Hukanhauta-682x1024.jpg 682w, https:\/\/plaanakollektiivi.fi\/wp-content\/uploads\/2026\/02\/Jaakko-Hukanhauta-200x300.jpg 200w, https:\/\/plaanakollektiivi.fi\/wp-content\/uploads\/2026\/02\/Jaakko-Hukanhauta-77x116.jpg 77w, https:\/\/plaanakollektiivi.fi\/wp-content\/uploads\/2026\/02\/Jaakko-Hukanhauta.jpg 763w\" sizes=\"auto, (max-width: 682px) 100vw, 682px\" \/><\/figure>\n<\/div>\n\n\n\n<div class=\"wp-block-column is-layout-flow wp-block-column-is-layout-flow\" style=\"flex-basis:77%\">\n<p><strong>Jaakko Hukanhauta<\/strong> on haukiputaalainen valokuvaaja ja valokuvataiteilija, joka kaikeksi onneksi p\u00e4\u00e4si sielt\u00e4 Ouluun saakka. Haukiputaalaisuus on kuitenkin j\u00e4tt\u00e4nyt vahvan j\u00e4ljen, erityisesti itse tekemisen ja p\u00e4\u00e4asiassa ep\u00e4onnistumisen kautta tapahtuvan kehittymisen suhteen.<br><br>Valokuvaajana h\u00e4n erikoistuu muoto- ja henkil\u00f6kuvaan ja valokuvataiteeseen innoitus l\u00f6ytyy vanhoista menetelmist\u00e4 ja pitk\u00e4lti rakennetuista teatterimaisista kokonaisuuksista.  <\/p>\n<\/div>\n<\/div>\n\n\n\n<div style=\"height:30px\" aria-hidden=\"true\" class=\"wp-block-spacer\"><\/div>\n\n\n\n<div class=\"wp-block-columns is-layout-flex wp-container-core-columns-is-layout-28f84493 wp-block-columns-is-layout-flex\">\n<div class=\"wp-block-column is-layout-flow wp-block-column-is-layout-flow\" style=\"flex-basis:23%\">\n<figure class=\"wp-block-image size-large\"><img loading=\"lazy\" decoding=\"async\" width=\"684\" height=\"1024\" src=\"https:\/\/plaanakollektiivi.fi\/wp-content\/uploads\/2026\/03\/harri-684x1024.png\" alt=\"\" class=\"wp-image-142\" srcset=\"https:\/\/plaanakollektiivi.fi\/wp-content\/uploads\/2026\/03\/harri-684x1024.png 684w, https:\/\/plaanakollektiivi.fi\/wp-content\/uploads\/2026\/03\/harri-200x300.png 200w, https:\/\/plaanakollektiivi.fi\/wp-content\/uploads\/2026\/03\/harri-77x116.png 77w, https:\/\/plaanakollektiivi.fi\/wp-content\/uploads\/2026\/03\/harri.png 721w\" sizes=\"auto, (max-width: 684px) 100vw, 684px\" \/><\/figure>\n<\/div>\n\n\n\n<div class=\"wp-block-column is-layout-flow wp-block-column-is-layout-flow\" style=\"flex-basis:77%\">\n<p><strong>Harri Perunka<\/strong> on Perunkaj\u00e4rven kyl\u00e4nraitilta Rovaniemen kautta Ouluun kotiutunut l\u00e4hes entinen teknologiafriikki, joka nykyisin suhtautuu kaikkeen uuteen digih\u00f6mpp\u00e4\u00e4n pienell\u00e4 varauksella.<\/p>\n\n\n\n<p>H\u00e4nen teoksissaan keski\u00f6ss\u00e4 ovat visuaaliset tarinat arkiel\u00e4m\u00e4n asioista ja ilmi\u00f6ist\u00e4 \u2013 olivatpa ne sitten iloisia tai ik\u00e4vi\u00e4. Ilmaisussaan h\u00e4n hy\u00f6dynt\u00e4\u00e4 usein surrealistista tai minimalistista tyyli?.<\/p>\n<\/div>\n<\/div>\n\n\n\n<div style=\"height:30px\" aria-hidden=\"true\" class=\"wp-block-spacer\"><\/div>\n\n\n\n<div class=\"wp-block-columns is-layout-flex wp-container-core-columns-is-layout-28f84493 wp-block-columns-is-layout-flex\">\n<div class=\"wp-block-column is-layout-flow wp-block-column-is-layout-flow\" style=\"flex-basis:23%\">\n<figure class=\"wp-block-image size-large\"><img loading=\"lazy\" decoding=\"async\" width=\"684\" height=\"1024\" src=\"https:\/\/plaanakollektiivi.fi\/wp-content\/uploads\/2026\/03\/ANTERO-e1773680364782-684x1024.jpg\" alt=\"\" class=\"wp-image-151\" srcset=\"https:\/\/plaanakollektiivi.fi\/wp-content\/uploads\/2026\/03\/ANTERO-e1773680364782-684x1024.jpg 684w, https:\/\/plaanakollektiivi.fi\/wp-content\/uploads\/2026\/03\/ANTERO-e1773680364782-200x300.jpg 200w, https:\/\/plaanakollektiivi.fi\/wp-content\/uploads\/2026\/03\/ANTERO-e1773680364782-77x116.jpg 77w, https:\/\/plaanakollektiivi.fi\/wp-content\/uploads\/2026\/03\/ANTERO-e1773680364782.jpg 760w\" sizes=\"auto, (max-width: 684px) 100vw, 684px\" \/><\/figure>\n<\/div>\n\n\n\n<div class=\"wp-block-column is-layout-flow wp-block-column-is-layout-flow\" style=\"flex-basis:77%\">\n<p><strong>Antero Saarenp\u00e4\u00e4<\/strong> on oululainen valokuvaaja, jota kiehtovat ajan j\u00e4tt\u00e4m\u00e4t j\u00e4ljet: kuluneet pinnat, haalistuneet v\u00e4rit ja ihmiset, joiden olemuksessa n\u00e4kyy eletty el\u00e4m\u00e4. Etsin hetki\u00e4, joissa aika pys\u00e4htyy ja pienet yksityiskohdat kertovat tarinaa.<\/p>\n\n\n\n<p>Estetiikkani on karu ja pelkistetty. Kaurism\u00e4en hiljainen melankolia ja ajaton visuaalisuus ovat t\u00e4rkeit\u00e4 vertailukohtia \u2014 valo saa olla niukkaa ja varjot syvi\u00e4. Kuvani eiv\u00e4t selit\u00e4, vaan kutsuvat katsojan tulkitsemaan.<\/p>\n\n\n\n<p>Valokuvaus on minulle dokumentointia ja tulkintaa. Tallennan ajan kulumisen kauneutta ja kutsun katsojan n\u00e4kem\u00e4\u00e4n tutun uudella tavalla  \u2014 katse ajan l\u00e4pi. <\/p>\n<\/div>\n<\/div>\n\n\n\n<div style=\"height:100px\" aria-hidden=\"true\" class=\"wp-block-spacer\"><\/div>\n\n\n\n<div class=\"wp-block-columns is-layout-flex wp-container-core-columns-is-layout-28f84493 wp-block-columns-is-layout-flex\">\n<div class=\"wp-block-column is-layout-flow wp-block-column-is-layout-flow\" style=\"flex-basis:23%\">\n<figure class=\"wp-block-image size-large\"><img loading=\"lazy\" decoding=\"async\" width=\"683\" height=\"1024\" src=\"https:\/\/plaanakollektiivi.fi\/wp-content\/uploads\/2026\/04\/Untitled-683x1024.jpg\" alt=\"\" class=\"wp-image-161\" srcset=\"https:\/\/plaanakollektiivi.fi\/wp-content\/uploads\/2026\/04\/Untitled-683x1024.jpg 683w, https:\/\/plaanakollektiivi.fi\/wp-content\/uploads\/2026\/04\/Untitled-200x300.jpg 200w, https:\/\/plaanakollektiivi.fi\/wp-content\/uploads\/2026\/04\/Untitled-768x1152.jpg 768w, https:\/\/plaanakollektiivi.fi\/wp-content\/uploads\/2026\/04\/Untitled-1024x1536.jpg 1024w, https:\/\/plaanakollektiivi.fi\/wp-content\/uploads\/2026\/04\/Untitled-77x116.jpg 77w, https:\/\/plaanakollektiivi.fi\/wp-content\/uploads\/2026\/04\/Untitled.jpg 1280w\" sizes=\"auto, (max-width: 683px) 100vw, 683px\" \/><\/figure>\n<\/div>\n\n\n\n<div class=\"wp-block-column is-layout-flow wp-block-column-is-layout-flow\" style=\"flex-basis:77%\">\n<p><strong>Keijo Laitala<\/strong> on oululainen valokuvaaja ja taiteilija, joka havainnoi ja kuvaa pohjoisen el\u00e4m\u00e4\u00e4 k\u00e4vellen ja py\u00f6r\u00e4illen. H\u00e4n taltioi kuviinsa hiljaisia tunnelmia ja kaihon estetiikkaa, my\u00f6s hienovaraisen huumorin s\u00e4vytt\u00e4m\u00e4n\u00e4. <\/p>\n\n\n\n<p>Laitalan ty\u00f6skentely yhdist\u00e4\u00e4 perinteisen ja kokeellisen valokuvauksen, ja sit\u00e4 ohjaa syv\u00e4 kiinnostus ohikiit\u00e4viin hetkiin, arkisiin ymp\u00e4rist\u00f6ihin sek\u00e4 ihmisen ja luonnon v\u00e4liseen suhteeseen. Pitk\u00e4 kuvausmatka voi palkita Laitalan ainutkertaisella n\u00e4kym\u00e4ll\u00e4 \u2014 hetkell\u00e4, jonka vain h\u00e4n n\u00e4kee.<\/p>\n\n\n\n<p>Laitalalla on tutkinto valokuvauksesta erikoistuen kuvajournalismiin ja h\u00e4n on aktiivinen toimija alueen valokuva- ja taideyhteis\u00f6iss\u00e4. Viime vuosina Laitalan taiteellinen ty\u00f6skentely ja intohimo on suuntautunut yh\u00e4 vahvemmin julkaisujen, kuten zinejen ja kirjojen, tekemiseen.<\/p>\n<\/div>\n<\/div>\n\n\n\n<div style=\"height:100px\" aria-hidden=\"true\" class=\"wp-block-spacer\"><\/div>\n\n\n\n<div class=\"wp-block-columns is-layout-flex wp-container-core-columns-is-layout-28f84493 wp-block-columns-is-layout-flex\">\n<div class=\"wp-block-column is-layout-flow wp-block-column-is-layout-flow\" style=\"flex-basis:23%\">\n<figure class=\"wp-block-image size-full\"><img loading=\"lazy\" decoding=\"async\" width=\"716\" height=\"1024\" src=\"https:\/\/plaanakollektiivi.fi\/wp-content\/uploads\/2026\/04\/timo.jpg\" alt=\"\" class=\"wp-image-159\" srcset=\"https:\/\/plaanakollektiivi.fi\/wp-content\/uploads\/2026\/04\/timo.jpg 716w, https:\/\/plaanakollektiivi.fi\/wp-content\/uploads\/2026\/04\/timo-210x300.jpg 210w, https:\/\/plaanakollektiivi.fi\/wp-content\/uploads\/2026\/04\/timo-81x116.jpg 81w\" sizes=\"auto, (max-width: 716px) 100vw, 716px\" \/><\/figure>\n<\/div>\n\n\n\n<div class=\"wp-block-column is-layout-flow wp-block-column-is-layout-flow\" style=\"flex-basis:77%\">\n<p><strong>Timo Pulkkinen<\/strong> on oululainen valokuvaharrastaja, jonka kuvat keskittyv\u00e4t pohjoisen luonnon syv\u00e4\u00e4n olemukseen. H\u00e4nen tyylilleen ominaisia piirteit\u00e4 ovat korkea kontrasti, rikkaat tekstuurit ja hienovaraiset v\u00e4ripaletit. <\/p>\n\n\n\n<p>H\u00e4nen kuvansa kutsuvat katsojaa pys\u00e4htym\u00e4\u00e4n yksityiskohtien \u00e4\u00e4relle ja l\u00f6yt\u00e4m\u00e4\u00e4n kauneutta luonnon karuudesta. Valokuvaus on tasapainoilua taiteellisen n\u00e4kemyksen ja teknisen tinkim\u00e4tt\u00f6myyden v\u00e4lill\u00e4. <\/p>\n\n\n\n<p>Luovuus kumpuaa rohkeudesta n\u00e4hd\u00e4 tavanomaisen taakse \u2013 t\u00e4m\u00e4 kokeileva uteliaisuus ja kyky n\u00e4hd\u00e4 maailma graafisina muotoina tekev\u00e4t jokaisesta kuvasta uniikin tarinan, jossa tekninen tarkkuus kohtaa mielikuvituksen.<\/p>\n<\/div>\n<\/div>\n\n\n\n<div style=\"height:100px\" aria-hidden=\"true\" class=\"wp-block-spacer\"><\/div>\n\n\n\n<div class=\"wp-block-columns is-layout-flex wp-container-core-columns-is-layout-28f84493 wp-block-columns-is-layout-flex\">\n<div class=\"wp-block-column is-layout-flow wp-block-column-is-layout-flow\" style=\"flex-basis:23%\">\n<figure class=\"wp-block-image size-full\"><img loading=\"lazy\" decoding=\"async\" width=\"1061\" height=\"1600\" src=\"https:\/\/plaanakollektiivi.fi\/wp-content\/uploads\/2026\/04\/MIKKIS.jpeg\" alt=\"\" class=\"wp-image-164\" srcset=\"https:\/\/plaanakollektiivi.fi\/wp-content\/uploads\/2026\/04\/MIKKIS.jpeg 1061w, https:\/\/plaanakollektiivi.fi\/wp-content\/uploads\/2026\/04\/MIKKIS-199x300.jpeg 199w, https:\/\/plaanakollektiivi.fi\/wp-content\/uploads\/2026\/04\/MIKKIS-679x1024.jpeg 679w, https:\/\/plaanakollektiivi.fi\/wp-content\/uploads\/2026\/04\/MIKKIS-768x1158.jpeg 768w, https:\/\/plaanakollektiivi.fi\/wp-content\/uploads\/2026\/04\/MIKKIS-1019x1536.jpeg 1019w, https:\/\/plaanakollektiivi.fi\/wp-content\/uploads\/2026\/04\/MIKKIS-77x116.jpeg 77w\" sizes=\"auto, (max-width: 1061px) 100vw, 1061px\" \/><\/figure>\n<\/div>\n\n\n\n<div class=\"wp-block-column is-layout-flow wp-block-column-is-layout-flow\" style=\"flex-basis:77%\">\n<p><strong>Mika V\u00e4h\u00e4<\/strong> on kotoisin Torniosta, asustelee Oulussa, ja on eniten kotonaan luonnossa ja meren \u00e4\u00e4rell\u00e4.<\/p>\n\n\n\n<p><br>Valokuvausmatkaa on takana kohta puoli vuosisataa.<br>Se on ollut l\u00f6yt\u00f6retki, matka joka on vienyt \u00f6t\u00f6k\u00f6ist\u00e4 avaruuteen, ja toisaalta kaupunkien sivukujille ja ihmisten luo.<br>Ennenkaikkea valokuvaus on opettanut, ja opettaa joka p\u00e4iv\u00e4, n\u00e4kem\u00e4\u00e4n enemm\u00e4n, tarkemmin ja toisin.<\/p>\n\n\n\n<p><br>Valokuvassa vieh\u00e4tt\u00e4\u00e4 mahdollisuus her\u00e4tt\u00e4\u00e4 tunteita ja ajatuksia ihmisess\u00e4, jota ei ehk\u00e4 koskaan tapaa. Kertoa tarinan alku omalla tavallani ja j\u00e4tt\u00e4\u00e4 loput katsojalle.<\/p>\n\n\n\n<p><\/p>\n<\/div>\n<\/div>\n\n\n\n<div style=\"height:100px\" aria-hidden=\"true\" class=\"wp-block-spacer\"><\/div>\n\n\n\n<p><\/p>\n","protected":false},"excerpt":{"rendered":"<p>Vuokko Kihlanki on syntynyt ja kasvanut Lapissa, Muonion Kihlangin kyl\u00e4ss\u00e4. Kylm\u00e4t, lumiset talvet, katuvaloton, hiljainen kyl\u00e4nraitti, sek\u00e4 kes\u00e4n y\u00f6tt\u00f6m\u00e4t y\u00f6t ovat vaikuttaneet suuresti h\u00e4nen ilmaisuun sek\u00e4 maalauksissa, ett\u00e4 valokuvauksessa. Lapsuuden kokemukset ovat j\u00e4tt\u00e4neet vahvan j\u00e4ljen, vaikka h\u00e4n on el\u00e4nyt koko aikuisik\u00e4nsa\u00e4 etel\u00e4isimm\u00e4ss\u00e4 Suomessa. Muuttaessaan Helsingist\u00e4 pohjoisemmaksi, Ouluun, lapsuuden luontokokemukset ovat taas syventyneet vahvaksi ilmaisumuodoksi valokuvauksessa, [&hellip;]<\/p>\n","protected":false},"author":1,"featured_media":0,"parent":0,"menu_order":0,"comment_status":"closed","ping_status":"closed","template":"","meta":{"footnotes":""},"class_list":["post-89","page","type-page","status-publish","hentry"],"jetpack_sharing_enabled":true,"_links":{"self":[{"href":"https:\/\/plaanakollektiivi.fi\/index.php?rest_route=\/wp\/v2\/pages\/89","targetHints":{"allow":["GET"]}}],"collection":[{"href":"https:\/\/plaanakollektiivi.fi\/index.php?rest_route=\/wp\/v2\/pages"}],"about":[{"href":"https:\/\/plaanakollektiivi.fi\/index.php?rest_route=\/wp\/v2\/types\/page"}],"author":[{"embeddable":true,"href":"https:\/\/plaanakollektiivi.fi\/index.php?rest_route=\/wp\/v2\/users\/1"}],"replies":[{"embeddable":true,"href":"https:\/\/plaanakollektiivi.fi\/index.php?rest_route=%2Fwp%2Fv2%2Fcomments&post=89"}],"version-history":[{"count":23,"href":"https:\/\/plaanakollektiivi.fi\/index.php?rest_route=\/wp\/v2\/pages\/89\/revisions"}],"predecessor-version":[{"id":165,"href":"https:\/\/plaanakollektiivi.fi\/index.php?rest_route=\/wp\/v2\/pages\/89\/revisions\/165"}],"wp:attachment":[{"href":"https:\/\/plaanakollektiivi.fi\/index.php?rest_route=%2Fwp%2Fv2%2Fmedia&parent=89"}],"curies":[{"name":"wp","href":"https:\/\/api.w.org\/{rel}","templated":true}]}}